{"id":3403,"date":"2026-02-24T14:42:07","date_gmt":"2026-02-24T13:42:07","guid":{"rendered":"https:\/\/www.rolandsheppardtraining.com\/?page_id=3403"},"modified":"2026-03-05T16:40:35","modified_gmt":"2026-03-05T15:40:35","slug":"homepage-v2","status":"publish","type":"page","link":"https:\/\/www.rolandsheppardtraining.com\/en\/","title":{"rendered":"Formations en hospitality et retail"},"content":{"rendered":"\t\t<div data-elementor-type=\"wp-page\" data-elementor-id=\"3403\" class=\"elementor elementor-3403\" data-elementor-post-type=\"page\">\n\t\t\t\t\t\t<section class=\"elementor-section elementor-top-section elementor-element elementor-element-18d81a2 elementor-section-content-middle elementor-section-height-min-height elementor-section-boxed elementor-section-height-default elementor-section-items-middle\" data-id=\"18d81a2\" data-element_type=\"section\" data-settings=\"{&quot;background_background&quot;:&quot;classic&quot;,&quot;background_motion_fx_motion_fx_scrolling&quot;:&quot;yes&quot;,&quot;background_motion_fx_translateY_effect&quot;:&quot;yes&quot;,&quot;background_motion_fx_translateY_speed&quot;:{&quot;unit&quot;:&quot;px&quot;,&quot;size&quot;:5,&quot;sizes&quot;:[]},&quot;background_motion_fx_translateY_affectedRange&quot;:{&quot;unit&quot;:&quot;%&quot;,&quot;size&quot;:&quot;&quot;,&quot;sizes&quot;:{&quot;start&quot;:0,&quot;end&quot;:100}},&quot;background_motion_fx_devices&quot;:[&quot;desktop&quot;,&quot;tablet&quot;,&quot;mobile&quot;]}\">\n\t\t\t\t\t\t\t<div class=\"elementor-background-overlay\"><\/div>\n\t\t\t\t\t\t\t<div class=\"elementor-container elementor-column-gap-default\">\n\t\t\t\t\t<div class=\"elementor-column elementor-col-100 elementor-top-column elementor-element elementor-element-4a1d2a6\" data-id=\"4a1d2a6\" data-element_type=\"column\">\n\t\t\t<div class=\"elementor-widget-wrap elementor-element-populated\">\n\t\t\t\t\t\t<div class=\"elementor-element elementor-element-30b039c elementor-widget elementor-widget-heading\" data-id=\"30b039c\" data-element_type=\"widget\" data-widget_type=\"heading.default\">\n\t\t\t\t<div class=\"elementor-widget-container\">\n\t\t\t\t\t<h1 class=\"elementor-heading-title elementor-size-default\">Formations en hospitality et retail<\/h1>\t\t\t\t<\/div>\n\t\t\t\t<\/div>\n\t\t\t\t<div class=\"elementor-element elementor-element-a69b7d6 elementor-widget elementor-widget-heading\" data-id=\"a69b7d6\" data-element_type=\"widget\" data-widget_type=\"heading.default\">\n\t\t\t\t<div class=\"elementor-widget-container\">\n\t\t\t\t\t<h2 class=\"elementor-heading-title elementor-size-default\">L\u2019exp\u00e9rience client se gagne sur le terrain.<\/h2>\t\t\t\t<\/div>\n\t\t\t\t<\/div>\n\t\t\t\t<div class=\"elementor-element elementor-element-8eda12e elementor-widget elementor-widget-spacer\" data-id=\"8eda12e\" data-element_type=\"widget\" data-widget_type=\"spacer.default\">\n\t\t\t\t<div class=\"elementor-widget-container\">\n\t\t\t\t\t\t\t<div class=\"elementor-spacer\">\n\t\t\t<div class=\"elementor-spacer-inner\"><\/div>\n\t\t<\/div>\n\t\t\t\t\t\t<\/div>\n\t\t\t\t<\/div>\n\t\t\t\t<div class=\"elementor-element elementor-element-8a12928 elementor-widget elementor-widget-shortcode\" data-id=\"8a12928\" data-element_type=\"widget\" data-widget_type=\"shortcode.default\">\n\t\t\t\t<div class=\"elementor-widget-container\">\n\t\t\t\t\t\t\t<div class=\"elementor-shortcode\"><button class=\"wappointment_widget\" style=\"display:none\" data-center=\"1\" data-popup=\"1\" data-week=\"1\" data-button-title=\"R\u00e9server un appel d\u00e9couverte\" data-staff-page=\"1\">R\u00e9server un appel d\u00e9couverte<\/button><\/div>\n\t\t\t\t\t\t<\/div>\n\t\t\t\t<\/div>\n\t\t\t\t\t<\/div>\n\t\t<\/div>\n\t\t\t\t\t<\/div>\n\t\t<\/section>\n\t\t\t\t<section class=\"elementor-section elementor-top-section elementor-element elementor-element-fb06c2f elementor-section-content-middle elementor-section-full_width elementor-section-height-default elementor-section-height-default\" data-id=\"fb06c2f\" data-element_type=\"section\">\n\t\t\t\t\t\t<div class=\"elementor-container elementor-column-gap-no\">\n\t\t\t\t\t<div class=\"elementor-column elementor-col-100 elementor-top-column elementor-element elementor-element-1585a25\" data-id=\"1585a25\" data-element_type=\"column\">\n\t\t\t<div class=\"elementor-widget-wrap elementor-element-populated\">\n\t\t\t\t\t\t<section class=\"elementor-section elementor-inner-section elementor-element elementor-element-993f958 elementor-section-boxed elementor-section-height-default elementor-section-height-default\" data-id=\"993f958\" data-element_type=\"section\" data-settings=\"{&quot;background_background&quot;:&quot;classic&quot;}\">\n\t\t\t\t\t\t<div class=\"elementor-container elementor-column-gap-default\">\n\t\t\t\t\t<div class=\"elementor-column elementor-col-25 elementor-inner-column elementor-element elementor-element-2f54327\" data-id=\"2f54327\" data-element_type=\"column\">\n\t\t\t<div class=\"elementor-widget-wrap elementor-element-populated\">\n\t\t\t\t\t\t<div class=\"elementor-element elementor-element-efd91ab elementor-widget elementor-widget-counter\" data-id=\"efd91ab\" data-element_type=\"widget\" data-widget_type=\"counter.default\">\n\t\t\t\t<div class=\"elementor-widget-container\">\n\t\t\t\t\t\t\t<div class=\"elementor-counter\">\n\t\t\t<div class=\"elementor-counter-title\">formations anim\u00e9es<\/div>\t\t\t<div class=\"elementor-counter-number-wrapper\">\n\t\t\t\t<span class=\"elementor-counter-number-prefix\"><\/span>\n\t\t\t\t<span class=\"elementor-counter-number\" data-duration=\"2000\" data-to-value=\"228\" data-from-value=\"0\" data-delimiter=\",\">0<\/span>\n\t\t\t\t<span class=\"elementor-counter-number-suffix\"><\/span>\n\t\t\t<\/div>\n\t\t<\/div>\n\t\t\t\t\t\t<\/div>\n\t\t\t\t<\/div>\n\t\t\t\t\t<\/div>\n\t\t<\/div>\n\t\t\t\t<div class=\"elementor-column elementor-col-25 elementor-inner-column elementor-element elementor-element-bb1206f\" data-id=\"bb1206f\" data-element_type=\"column\">\n\t\t\t<div class=\"elementor-widget-wrap elementor-element-populated\">\n\t\t\t\t\t\t<div class=\"elementor-element elementor-element-c3b49d2 elementor-widget elementor-widget-counter\" data-id=\"c3b49d2\" data-element_type=\"widget\" data-widget_type=\"counter.default\">\n\t\t\t\t<div class=\"elementor-widget-container\">\n\t\t\t\t\t\t\t<div class=\"elementor-counter\">\n\t\t\t<div class=\"elementor-counter-title\">participants<\/div>\t\t\t<div class=\"elementor-counter-number-wrapper\">\n\t\t\t\t<span class=\"elementor-counter-number-prefix\"><\/span>\n\t\t\t\t<span class=\"elementor-counter-number\" data-duration=\"2000\" data-to-value=\"2052\" data-from-value=\"0\">0<\/span>\n\t\t\t\t<span class=\"elementor-counter-number-suffix\"><\/span>\n\t\t\t<\/div>\n\t\t<\/div>\n\t\t\t\t\t\t<\/div>\n\t\t\t\t<\/div>\n\t\t\t\t\t<\/div>\n\t\t<\/div>\n\t\t\t\t<div class=\"elementor-column elementor-col-25 elementor-inner-column elementor-element elementor-element-8ca0bfe\" data-id=\"8ca0bfe\" data-element_type=\"column\">\n\t\t\t<div class=\"elementor-widget-wrap elementor-element-populated\">\n\t\t\t\t\t\t<div class=\"elementor-element elementor-element-a59a290 elementor-widget elementor-widget-counter\" data-id=\"a59a290\" data-element_type=\"widget\" data-widget_type=\"counter.default\">\n\t\t\t\t<div class=\"elementor-widget-container\">\n\t\t\t\t\t\t\t<div class=\"elementor-counter\">\n\t\t\t<div class=\"elementor-counter-title\">pays o\u00f9 j\u2019ai anim\u00e9 des formations<\/div>\t\t\t<div class=\"elementor-counter-number-wrapper\">\n\t\t\t\t<span class=\"elementor-counter-number-prefix\"><\/span>\n\t\t\t\t<span class=\"elementor-counter-number\" data-duration=\"1000\" data-to-value=\"9\" data-from-value=\"0\" data-delimiter=\",\">0<\/span>\n\t\t\t\t<span class=\"elementor-counter-number-suffix\"><\/span>\n\t\t\t<\/div>\n\t\t<\/div>\n\t\t\t\t\t\t<\/div>\n\t\t\t\t<\/div>\n\t\t\t\t\t<\/div>\n\t\t<\/div>\n\t\t\t\t<div class=\"elementor-column elementor-col-25 elementor-inner-column elementor-element elementor-element-0ec50b6\" data-id=\"0ec50b6\" data-element_type=\"column\">\n\t\t\t<div class=\"elementor-widget-wrap elementor-element-populated\">\n\t\t\t\t\t\t<div class=\"elementor-element elementor-element-4483ba1 elementor-widget elementor-widget-counter\" data-id=\"4483ba1\" data-element_type=\"widget\" data-widget_type=\"counter.default\">\n\t\t\t\t<div class=\"elementor-widget-container\">\n\t\t\t\t\t\t\t<div class=\"elementor-counter\">\n\t\t\t<div class=\"elementor-counter-title\">bilingue et biculturel Fran\u00e7ais &amp; Anglais<\/div>\t\t\t<div class=\"elementor-counter-number-wrapper\">\n\t\t\t\t<span class=\"elementor-counter-number-prefix\"><\/span>\n\t\t\t\t<span class=\"elementor-counter-number\" data-duration=\"1000\" data-to-value=\"2\" data-from-value=\"0\" data-delimiter=\",\">0<\/span>\n\t\t\t\t<span class=\"elementor-counter-number-suffix\"><\/span>\n\t\t\t<\/div>\n\t\t<\/div>\n\t\t\t\t\t\t<\/div>\n\t\t\t\t<\/div>\n\t\t\t\t\t<\/div>\n\t\t<\/div>\n\t\t\t\t\t<\/div>\n\t\t<\/section>\n\t\t\t\t\t<\/div>\n\t\t<\/div>\n\t\t\t\t\t<\/div>\n\t\t<\/section>\n\t\t\t\t<section class=\"elementor-section elementor-top-section elementor-element elementor-element-5948719 elementor-section-boxed elementor-section-height-default elementor-section-height-default\" data-id=\"5948719\" data-element_type=\"section\" data-settings=\"{&quot;background_background&quot;:&quot;classic&quot;}\">\n\t\t\t\t\t\t<div class=\"elementor-container elementor-column-gap-default\">\n\t\t\t\t\t<div class=\"elementor-column elementor-col-100 elementor-top-column elementor-element elementor-element-46006e6\" data-id=\"46006e6\" data-element_type=\"column\">\n\t\t\t<div class=\"elementor-widget-wrap elementor-element-populated\">\n\t\t\t\t\t\t<div class=\"elementor-element elementor-element-b6adbc3 elementor-widget elementor-widget-heading\" data-id=\"b6adbc3\" data-element_type=\"widget\" data-widget_type=\"heading.default\">\n\t\t\t\t<div class=\"elementor-widget-container\">\n\t\t\t\t\t<h2 class=\"elementor-heading-title elementor-size-default\">Des m\u00e9thodes concr\u00e8tes, imm\u00e9diatement applicables.<\/h2>\t\t\t\t<\/div>\n\t\t\t\t<\/div>\n\t\t\t\t<div class=\"elementor-element elementor-element-9ac8c2c elementor-widget__width-initial elementor-widget elementor-widget-text-editor\" data-id=\"9ac8c2c\" data-element_type=\"widget\" data-widget_type=\"text-editor.default\">\n\t\t\t\t<div class=\"elementor-widget-container\">\n\t\t\t\t\t\t\t\t\t<p>Pour agir avec s\u00e9r\u00e9nit\u00e9 et constance \u00e0 chaque interaction tout au long du parcours client, Roland Sheppard Training forme vos \u00e9quipes \u00e0 les ma\u00eetriser : <a href=\"https:\/\/www.rolandsheppardtraining.com\/developper-une-relation-client-signature\/\"><strong>relation client signature<\/strong><\/a>, <a href=\"https:\/\/www.rolandsheppardtraining.com\/developper-une-gestion-des-plaintes-strategique\/\"><strong>gestion des plaintes<\/strong><\/a> et <a href=\"https:\/\/www.rolandsheppardtraining.com\/gestion-des-plaintes-de-clients-non-francophones\/\"><strong>situations sensibles<\/strong><\/a> &#8211; en fran\u00e7ais et en anglais.<\/p>\t\t\t\t\t\t\t\t<\/div>\n\t\t\t\t<\/div>\n\t\t\t\t<div class=\"elementor-element elementor-element-ca080c6 elementor-align-center elementor-widget elementor-widget-button\" data-id=\"ca080c6\" data-element_type=\"widget\" data-widget_type=\"button.default\">\n\t\t\t\t<div class=\"elementor-widget-container\">\n\t\t\t\t\t\t\t\t\t<div class=\"elementor-button-wrapper\">\n\t\t\t\t\t<a class=\"elementor-button elementor-button-link elementor-size-sm\" href=\"https:\/\/www.rolandsheppardtraining.com\/mon-parcours\/\">\n\t\t\t\t\t\t<span class=\"elementor-button-content-wrapper\">\n\t\t\t\t\t\t\t\t\t<span class=\"elementor-button-text\">D\u00e9couvrez mon parcours<\/span>\n\t\t\t\t\t<\/span>\n\t\t\t\t\t<\/a>\n\t\t\t\t<\/div>\n\t\t\t\t\t\t\t\t<\/div>\n\t\t\t\t<\/div>\n\t\t\t\t\t<\/div>\n\t\t<\/div>\n\t\t\t\t\t<\/div>\n\t\t<\/section>\n\t\t\t\t<\/div>\n\t\t","protected":false},"excerpt":{"rendered":"<p>Formations en hospitality et retail L\u2019exp\u00e9rience client se gagne sur le terrain. formations anim\u00e9es 0 participants 0 pays o\u00f9 j\u2019ai anim\u00e9 des [&hellip;]<\/p>\n","protected":false},"author":1,"featured_media":3230,"parent":0,"menu_order":0,"comment_status":"closed","ping_status":"closed","template":"page-templates\/page_front-page.php","meta":{"content-type":"","inline_featured_image":false,"footnotes":""},"class_list":["post-3403","page","type-page","status-publish","has-post-thumbnail","hentry"],"yoast_head":"<!-- This site is optimized with the Yoast SEO plugin v27.0 - https:\/\/yoast.com\/product\/yoast-seo-wordpress\/ -->\n<title>Formations en hospitality et retail - Roland Sheppard Training<\/title>\n<meta name=\"robots\" content=\"index, follow, max-snippet:-1, max-image-preview:large, max-video-preview:-1\" \/>\n<link rel=\"canonical\" href=\"https:\/\/www.rolandsheppardtraining.com\/en\/\" \/>\n<meta property=\"og:locale\" content=\"en_GB\" \/>\n<meta property=\"og:type\" content=\"article\" \/>\n<meta property=\"og:title\" content=\"Formations en hospitality et retail - Roland Sheppard Training\" \/>\n<meta property=\"og:description\" content=\"Formations en hospitality et retail L\u2019exp\u00e9rience client se gagne sur le terrain. formations anim\u00e9es 0 participants 0 pays o\u00f9 j\u2019ai anim\u00e9 des [&hellip;]\" \/>\n<meta property=\"og:url\" content=\"https:\/\/www.rolandsheppardtraining.com\/en\/\" \/>\n<meta property=\"og:site_name\" content=\"Roland Sheppard Training\" \/>\n<meta property=\"article:modified_time\" content=\"2026-03-05T15:40:35+00:00\" \/>\n<meta property=\"og:image\" content=\"https:\/\/www.rolandsheppardtraining.com\/wp-content\/uploads\/2025\/03\/Shepard-3-training.jpg\" \/>\n\t<meta property=\"og:image:width\" content=\"1500\" \/>\n\t<meta property=\"og:image:height\" content=\"1000\" \/>\n\t<meta property=\"og:image:type\" content=\"image\/jpeg\" \/>\n<meta name=\"twitter:card\" content=\"summary_large_image\" \/>\n<meta name=\"twitter:label1\" content=\"Estimated reading time\" \/>\n\t<meta name=\"twitter:data1\" content=\"1 minute\" \/>\n<script type=\"application\/ld+json\" class=\"yoast-schema-graph\">{\"@context\":\"https:\/\/schema.org\",\"@graph\":[{\"@type\":\"WebPage\",\"@id\":\"https:\/\/www.rolandsheppardtraining.com\/\",\"url\":\"https:\/\/www.rolandsheppardtraining.com\/\",\"name\":\"Formations en hospitality et retail - Roland Sheppard Training\",\"isPartOf\":{\"@id\":\"http:\/\/www.rolandsheppardtraining.com\/#website\"},\"primaryImageOfPage\":{\"@id\":\"https:\/\/www.rolandsheppardtraining.com\/#primaryimage\"},\"image\":{\"@id\":\"https:\/\/www.rolandsheppardtraining.com\/#primaryimage\"},\"thumbnailUrl\":\"https:\/\/www.rolandsheppardtraining.com\/wp-content\/uploads\/2025\/03\/Shepard-3-training.jpg\",\"datePublished\":\"2026-02-24T13:42:07+00:00\",\"dateModified\":\"2026-03-05T15:40:35+00:00\",\"breadcrumb\":{\"@id\":\"https:\/\/www.rolandsheppardtraining.com\/#breadcrumb\"},\"inLanguage\":\"en-GB\",\"potentialAction\":[{\"@type\":\"ReadAction\",\"target\":[\"https:\/\/www.rolandsheppardtraining.com\/\"]}]},{\"@type\":\"ImageObject\",\"inLanguage\":\"en-GB\",\"@id\":\"https:\/\/www.rolandsheppardtraining.com\/#primaryimage\",\"url\":\"https:\/\/www.rolandsheppardtraining.com\/wp-content\/uploads\/2025\/03\/Shepard-3-training.jpg\",\"contentUrl\":\"https:\/\/www.rolandsheppardtraining.com\/wp-content\/uploads\/2025\/03\/Shepard-3-training.jpg\",\"width\":1500,\"height\":1000,\"caption\":\"Roland Sheppard, formations professionnelles et coaching\"},{\"@type\":\"BreadcrumbList\",\"@id\":\"https:\/\/www.rolandsheppardtraining.com\/#breadcrumb\",\"itemListElement\":[{\"@type\":\"ListItem\",\"position\":1,\"name\":\"Accueil\",\"item\":\"https:\/\/www.rolandsheppardtraining.com\/\"},{\"@type\":\"ListItem\",\"position\":2,\"name\":\"Formations en hospitality et retail\"}]},{\"@type\":\"WebSite\",\"@id\":\"http:\/\/www.rolandsheppardtraining.com\/#website\",\"url\":\"http:\/\/www.rolandsheppardtraining.com\/\",\"name\":\"Roland Sheppard Training\",\"description\":\"Former pour r\u00e9v\u00e9ler l&#039;excellence\",\"publisher\":{\"@id\":\"http:\/\/www.rolandsheppardtraining.com\/#organization\"},\"potentialAction\":[{\"@type\":\"SearchAction\",\"target\":{\"@type\":\"EntryPoint\",\"urlTemplate\":\"http:\/\/www.rolandsheppardtraining.com\/?s={search_term_string}\"},\"query-input\":{\"@type\":\"PropertyValueSpecification\",\"valueRequired\":true,\"valueName\":\"search_term_string\"}}],\"inLanguage\":\"en-GB\"},{\"@type\":\"Organization\",\"@id\":\"http:\/\/www.rolandsheppardtraining.com\/#organization\",\"name\":\"Roland Sheppard Training\",\"url\":\"http:\/\/www.rolandsheppardtraining.com\/\",\"logo\":{\"@type\":\"ImageObject\",\"inLanguage\":\"en-GB\",\"@id\":\"http:\/\/www.rolandsheppardtraining.com\/#\/schema\/logo\/image\/\",\"url\":\"https:\/\/www.rolandsheppardtraining.com\/wp-content\/uploads\/2025\/03\/logo-roland-sheppard-medaille7-1.png\",\"contentUrl\":\"https:\/\/www.rolandsheppardtraining.com\/wp-content\/uploads\/2025\/03\/logo-roland-sheppard-medaille7-1.png\",\"width\":3000,\"height\":463,\"caption\":\"Roland Sheppard Training\"},\"image\":{\"@id\":\"http:\/\/www.rolandsheppardtraining.com\/#\/schema\/logo\/image\/\"},\"sameAs\":[\"https:\/\/www.linkedin.com\/in\/roland-sheppard-798b0b31\/\"]}]}<\/script>\n<!-- \/ Yoast SEO plugin. -->","yoast_head_json":{"title":"Formations en hospitality et retail - Roland Sheppard Training","robots":{"index":"index","follow":"follow","max-snippet":"max-snippet:-1","max-image-preview":"max-image-preview:large","max-video-preview":"max-video-preview:-1"},"canonical":"https:\/\/www.rolandsheppardtraining.com\/en\/","og_locale":"en_GB","og_type":"article","og_title":"Formations en hospitality et retail - Roland Sheppard Training","og_description":"Formations en hospitality et retail L\u2019exp\u00e9rience client se gagne sur le terrain. formations anim\u00e9es 0 participants 0 pays o\u00f9 j\u2019ai anim\u00e9 des [&hellip;]","og_url":"https:\/\/www.rolandsheppardtraining.com\/en\/","og_site_name":"Roland Sheppard Training","article_modified_time":"2026-03-05T15:40:35+00:00","og_image":[{"width":1500,"height":1000,"url":"https:\/\/www.rolandsheppardtraining.com\/wp-content\/uploads\/2025\/03\/Shepard-3-training.jpg","type":"image\/jpeg"}],"twitter_card":"summary_large_image","twitter_misc":{"Estimated reading time":"1 minute"},"schema":{"@context":"https:\/\/schema.org","@graph":[{"@type":"WebPage","@id":"https:\/\/www.rolandsheppardtraining.com\/","url":"https:\/\/www.rolandsheppardtraining.com\/","name":"Formations en hospitality et retail - Roland Sheppard Training","isPartOf":{"@id":"http:\/\/www.rolandsheppardtraining.com\/#website"},"primaryImageOfPage":{"@id":"https:\/\/www.rolandsheppardtraining.com\/#primaryimage"},"image":{"@id":"https:\/\/www.rolandsheppardtraining.com\/#primaryimage"},"thumbnailUrl":"https:\/\/www.rolandsheppardtraining.com\/wp-content\/uploads\/2025\/03\/Shepard-3-training.jpg","datePublished":"2026-02-24T13:42:07+00:00","dateModified":"2026-03-05T15:40:35+00:00","breadcrumb":{"@id":"https:\/\/www.rolandsheppardtraining.com\/#breadcrumb"},"inLanguage":"en-GB","potentialAction":[{"@type":"ReadAction","target":["https:\/\/www.rolandsheppardtraining.com\/"]}]},{"@type":"ImageObject","inLanguage":"en-GB","@id":"https:\/\/www.rolandsheppardtraining.com\/#primaryimage","url":"https:\/\/www.rolandsheppardtraining.com\/wp-content\/uploads\/2025\/03\/Shepard-3-training.jpg","contentUrl":"https:\/\/www.rolandsheppardtraining.com\/wp-content\/uploads\/2025\/03\/Shepard-3-training.jpg","width":1500,"height":1000,"caption":"Roland Sheppard, formations professionnelles et coaching"},{"@type":"BreadcrumbList","@id":"https:\/\/www.rolandsheppardtraining.com\/#breadcrumb","itemListElement":[{"@type":"ListItem","position":1,"name":"Accueil","item":"https:\/\/www.rolandsheppardtraining.com\/"},{"@type":"ListItem","position":2,"name":"Formations en hospitality et retail"}]},{"@type":"WebSite","@id":"http:\/\/www.rolandsheppardtraining.com\/#website","url":"http:\/\/www.rolandsheppardtraining.com\/","name":"Roland Sheppard Training","description":"Former pour r\u00e9v\u00e9ler l&#039;excellence","publisher":{"@id":"http:\/\/www.rolandsheppardtraining.com\/#organization"},"potentialAction":[{"@type":"SearchAction","target":{"@type":"EntryPoint","urlTemplate":"http:\/\/www.rolandsheppardtraining.com\/?s={search_term_string}"},"query-input":{"@type":"PropertyValueSpecification","valueRequired":true,"valueName":"search_term_string"}}],"inLanguage":"en-GB"},{"@type":"Organization","@id":"http:\/\/www.rolandsheppardtraining.com\/#organization","name":"Roland Sheppard Training","url":"http:\/\/www.rolandsheppardtraining.com\/","logo":{"@type":"ImageObject","inLanguage":"en-GB","@id":"http:\/\/www.rolandsheppardtraining.com\/#\/schema\/logo\/image\/","url":"https:\/\/www.rolandsheppardtraining.com\/wp-content\/uploads\/2025\/03\/logo-roland-sheppard-medaille7-1.png","contentUrl":"https:\/\/www.rolandsheppardtraining.com\/wp-content\/uploads\/2025\/03\/logo-roland-sheppard-medaille7-1.png","width":3000,"height":463,"caption":"Roland Sheppard Training"},"image":{"@id":"http:\/\/www.rolandsheppardtraining.com\/#\/schema\/logo\/image\/"},"sameAs":["https:\/\/www.linkedin.com\/in\/roland-sheppard-798b0b31\/"]}]}},"_links":{"self":[{"href":"https:\/\/www.rolandsheppardtraining.com\/en\/wp-json\/wp\/v2\/pages\/3403","targetHints":{"allow":["GET"]}}],"collection":[{"href":"https:\/\/www.rolandsheppardtraining.com\/en\/wp-json\/wp\/v2\/pages"}],"about":[{"href":"https:\/\/www.rolandsheppardtraining.com\/en\/wp-json\/wp\/v2\/types\/page"}],"author":[{"embeddable":true,"href":"https:\/\/www.rolandsheppardtraining.com\/en\/wp-json\/wp\/v2\/users\/1"}],"replies":[{"embeddable":true,"href":"https:\/\/www.rolandsheppardtraining.com\/en\/wp-json\/wp\/v2\/comments?post=3403"}],"version-history":[{"count":346,"href":"https:\/\/www.rolandsheppardtraining.com\/en\/wp-json\/wp\/v2\/pages\/3403\/revisions"}],"predecessor-version":[{"id":4277,"href":"https:\/\/www.rolandsheppardtraining.com\/en\/wp-json\/wp\/v2\/pages\/3403\/revisions\/4277"}],"wp:featuredmedia":[{"embeddable":true,"href":"https:\/\/www.rolandsheppardtraining.com\/en\/wp-json\/wp\/v2\/media\/3230"}],"wp:attachment":[{"href":"https:\/\/www.rolandsheppardtraining.com\/en\/wp-json\/wp\/v2\/media?parent=3403"}],"curies":[{"name":"wp","href":"https:\/\/api.w.org\/{rel}","templated":true}]}}